{"id":4814,"date":"2023-07-27T18:58:44","date_gmt":"2023-07-27T23:58:44","guid":{"rendered":"https:\/\/allianzahorroeinversiones.co\/?page_id=4814"},"modified":"2025-01-21T16:08:39","modified_gmt":"2025-01-21T21:08:39","slug":"gestion-de-riesgos-2","status":"publish","type":"page","link":"https:\/\/allianzahorroeinversiones.co\/?page_id=4814","title":{"rendered":"Gesti\u00f3n de Riesgos"},"content":{"rendered":"\t\t<div data-elementor-type=\"wp-page\" data-elementor-id=\"4814\" class=\"elementor elementor-4814\">\n\t\t\t\t\t\t<section class=\"elementor-section elementor-top-section elementor-element elementor-element-3e3f2f4 elementor-section-full_width elementor-section-height-default elementor-section-height-default\" data-id=\"3e3f2f4\" data-element_type=\"section\">\n\t\t\t\t\t\t<div class=\"elementor-container elementor-column-gap-no\">\n\t\t\t\t\t<div class=\"elementor-column elementor-col-100 elementor-top-column elementor-element elementor-element-fb28323\" data-id=\"fb28323\" data-element_type=\"column\">\n\t\t\t<div class=\"elementor-widget-wrap elementor-element-populated\">\n\t\t\t\t\t\t<div class=\"elementor-element elementor-element-9a08c2b elementor-widget elementor-widget-premium-addon-banner\" data-id=\"9a08c2b\" data-element_type=\"widget\" data-widget_type=\"premium-addon-banner.default\">\n\t\t\t\t<div class=\"elementor-widget-container\">\n\t\t\t\t\t\t\t<div class=\"premium-banner-ib premium-banner-min-height premium-banner-animation1 none\">\n\t\t\t\t\t\t\t\t\t\t<img fetchpriority=\"high\" decoding=\"async\" width=\"1024\" height=\"240\" src=\"https:\/\/allianzahorroeinversiones.co\/wp-content\/uploads\/2025\/01\/GR2.png\" class=\"attachment-full size-full wp-image-20125\" alt=\"\" srcset=\"https:\/\/allianzahorroeinversiones.co\/wp-content\/uploads\/2025\/01\/GR2.png 1024w, https:\/\/allianzahorroeinversiones.co\/wp-content\/uploads\/2025\/01\/GR2-300x70.png 300w, https:\/\/allianzahorroeinversiones.co\/wp-content\/uploads\/2025\/01\/GR2-768x180.png 768w\" sizes=\"(max-width: 1024px) 100vw, 1024px\" \/>\t\t\t\t\t\t\t\t\t<div class=\"premium-banner-ib-desc\">\n\t\t\t\t\t\t\t\t\t<h3 class=\"premium-banner-ib-title premium_banner_title\"><\/h3>\t\t\t\t\t\t\t\t\t\t\t\t<\/div>\n\t\t\t\t\t<\/div>\n\n\t\t\t\t\t\t<\/div>\n\t\t\t\t<\/div>\n\t\t\t\t\t<\/div>\n\t\t<\/div>\n\t\t\t\t\t<\/div>\n\t\t<\/section>\n\t\t\t\t<section class=\"elementor-section elementor-top-section elementor-element elementor-element-c98f2fc elementor-section-boxed elementor-section-height-default elementor-section-height-default\" data-id=\"c98f2fc\" data-element_type=\"section\">\n\t\t\t\t\t\t<div class=\"elementor-container elementor-column-gap-default\">\n\t\t\t\t\t<div class=\"elementor-column elementor-col-100 elementor-top-column elementor-element elementor-element-48b89b0\" data-id=\"48b89b0\" data-element_type=\"column\">\n\t\t\t<div class=\"elementor-widget-wrap elementor-element-populated\">\n\t\t\t\t\t\t<section class=\"elementor-section elementor-inner-section elementor-element elementor-element-3796acd elementor-section-boxed elementor-section-height-default elementor-section-height-default\" data-id=\"3796acd\" data-element_type=\"section\">\n\t\t\t\t\t\t<div class=\"elementor-container elementor-column-gap-default\">\n\t\t\t\t\t<div class=\"elementor-column elementor-col-50 elementor-inner-column elementor-element elementor-element-6ee9b77\" data-id=\"6ee9b77\" data-element_type=\"column\">\n\t\t\t<div class=\"elementor-widget-wrap elementor-element-populated\">\n\t\t\t\t\t\t<section class=\"elementor-section elementor-inner-section elementor-element elementor-element-dbba877 elementor-section-height-min-height elementor-section-boxed elementor-section-height-default\" data-id=\"dbba877\" data-element_type=\"section\">\n\t\t\t\t\t\t<div class=\"elementor-container elementor-column-gap-default\">\n\t\t\t\t\t<div class=\"elementor-column elementor-col-100 elementor-inner-column elementor-element elementor-element-deb3c5e\" data-id=\"deb3c5e\" data-element_type=\"column\" data-settings=\"{&quot;background_background&quot;:&quot;classic&quot;}\">\n\t\t\t<div class=\"elementor-widget-wrap elementor-element-populated\">\n\t\t\t\t\t\t<div class=\"elementor-element elementor-element-9584fb4 elementor-widget elementor-widget-text-editor\" data-id=\"9584fb4\" data-element_type=\"widget\" data-widget_type=\"text-editor.default\">\n\t\t\t\t<div class=\"elementor-widget-container\">\n\t\t\t\t\t\t\t\t\t<p>En Allianz somos expertos gestionando riesgos. Como asesores, es nuestra responsabilidad garantizar que nuestros clientes obtengan el m\u00e1ximo beneficio por eso, brindamos las mejores opciones para mitigar los riesgos a los que est\u00e1n expuestos.<\/p><p>Para lograr cualquier objetivo de mediano y largo plazo, se requiere gestionar cuatro riesgos principales:<\/p>\t\t\t\t\t\t\t\t<\/div>\n\t\t\t\t<\/div>\n\t\t\t\t\t<\/div>\n\t\t<\/div>\n\t\t\t\t\t<\/div>\n\t\t<\/section>\n\t\t\t\t<section class=\"elementor-section elementor-inner-section elementor-element elementor-element-d0755ec elementor-section-height-min-height elementor-section-boxed elementor-section-height-default\" data-id=\"d0755ec\" data-element_type=\"section\">\n\t\t\t\t\t\t<div class=\"elementor-container elementor-column-gap-default\">\n\t\t\t\t\t<div class=\"elementor-column elementor-col-100 elementor-inner-column elementor-element elementor-element-2775c1d\" data-id=\"2775c1d\" data-element_type=\"column\" data-settings=\"{&quot;background_background&quot;:&quot;classic&quot;}\">\n\t\t\t<div class=\"elementor-widget-wrap elementor-element-populated\">\n\t\t\t\t\t\t\t<\/div>\n\t\t<\/div>\n\t\t\t\t\t<\/div>\n\t\t<\/section>\n\t\t\t\t\t<\/div>\n\t\t<\/div>\n\t\t\t\t<div class=\"elementor-column elementor-col-50 elementor-inner-column elementor-element elementor-element-5db41c1\" data-id=\"5db41c1\" data-element_type=\"column\">\n\t\t\t<div class=\"elementor-widget-wrap elementor-element-populated\">\n\t\t\t\t\t\t<section class=\"elementor-section elementor-inner-section elementor-element elementor-element-6a6810a elementor-section-height-min-height elementor-section-boxed elementor-section-height-default\" data-id=\"6a6810a\" data-element_type=\"section\">\n\t\t\t\t\t\t<div class=\"elementor-container elementor-column-gap-default\">\n\t\t\t\t\t<div class=\"elementor-column elementor-col-100 elementor-inner-column elementor-element elementor-element-59879b3\" data-id=\"59879b3\" data-element_type=\"column\" data-settings=\"{&quot;background_background&quot;:&quot;classic&quot;}\">\n\t\t\t<div class=\"elementor-widget-wrap elementor-element-populated\">\n\t\t\t\t\t\t<div class=\"elementor-element elementor-element-e3ab395 elementor-widget elementor-widget-heading\" data-id=\"e3ab395\" data-element_type=\"widget\" data-widget_type=\"heading.default\">\n\t\t\t\t<div class=\"elementor-widget-container\">\n\t\t\t\t\t<h3 class=\"elementor-heading-title elementor-size-default\">Riesgo por crecimiento econ\u00f3mico<\/h3>\t\t\t\t<\/div>\n\t\t\t\t<\/div>\n\t\t\t\t<div class=\"elementor-element elementor-element-55ce60c elementor-widget elementor-widget-text-editor\" data-id=\"55ce60c\" data-element_type=\"widget\" data-widget_type=\"text-editor.default\">\n\t\t\t\t<div class=\"elementor-widget-container\">\n\t\t\t\t\t\t\t\t\tEs necesario que el Fondo Voluntario de Pensiones o el ahorro pensional compense el crecimiento econ\u00f3mico para que obtenga rentabilidad. Es decir, el ahorro debe crecer, por lo menos, al mismo ritmo al que crece el resto de la econom\u00eda.\t\t\t\t\t\t\t\t<\/div>\n\t\t\t\t<\/div>\n\t\t\t\t\t<\/div>\n\t\t<\/div>\n\t\t\t\t\t<\/div>\n\t\t<\/section>\n\t\t\t\t<section class=\"elementor-section elementor-inner-section elementor-element elementor-element-09433ba elementor-section-height-min-height elementor-section-boxed elementor-section-height-default\" data-id=\"09433ba\" data-element_type=\"section\">\n\t\t\t\t\t\t<div class=\"elementor-container elementor-column-gap-default\">\n\t\t\t\t\t<div class=\"elementor-column elementor-col-100 elementor-inner-column elementor-element elementor-element-4fe1619\" data-id=\"4fe1619\" data-element_type=\"column\" data-settings=\"{&quot;background_background&quot;:&quot;classic&quot;}\">\n\t\t\t<div class=\"elementor-widget-wrap elementor-element-populated\">\n\t\t\t\t\t\t<div class=\"elementor-element elementor-element-3ff5e90 elementor-widget elementor-widget-heading\" data-id=\"3ff5e90\" data-element_type=\"widget\" data-widget_type=\"heading.default\">\n\t\t\t\t<div class=\"elementor-widget-container\">\n\t\t\t\t\t<h3 class=\"elementor-heading-title elementor-size-default\">Riesgo pa\u00eds<\/h3>\t\t\t\t<\/div>\n\t\t\t\t<\/div>\n\t\t\t\t<div class=\"elementor-element elementor-element-ad9ae7d elementor-widget elementor-widget-text-editor\" data-id=\"ad9ae7d\" data-element_type=\"widget\" data-widget_type=\"text-editor.default\">\n\t\t\t\t<div class=\"elementor-widget-container\">\n\t\t\t\t\t\t\t\t\tEs el riesgo ocasionado por factores pol\u00edticos, sociales, econ\u00f3micos, entre otros. Algunos ejemplos son: cambios de presidente, golpes de estado, depreciaci\u00f3n de la moneda, etc.\t\t\t\t\t\t\t\t<\/div>\n\t\t\t\t<\/div>\n\t\t\t\t\t<\/div>\n\t\t<\/div>\n\t\t\t\t\t<\/div>\n\t\t<\/section>\n\t\t\t\t\t<\/div>\n\t\t<\/div>\n\t\t\t\t\t<\/div>\n\t\t<\/section>\n\t\t\t\t<section class=\"elementor-section elementor-inner-section elementor-element elementor-element-daea960 elementor-section-boxed elementor-section-height-default elementor-section-height-default\" data-id=\"daea960\" data-element_type=\"section\">\n\t\t\t\t\t\t<div class=\"elementor-container elementor-column-gap-default\">\n\t\t\t\t\t<div class=\"elementor-column elementor-col-50 elementor-inner-column elementor-element elementor-element-bcd2176\" data-id=\"bcd2176\" data-element_type=\"column\">\n\t\t\t<div class=\"elementor-widget-wrap elementor-element-populated\">\n\t\t\t\t\t\t<section class=\"elementor-section elementor-inner-section elementor-element elementor-element-4b95c26 elementor-section-height-min-height elementor-section-boxed elementor-section-height-default\" data-id=\"4b95c26\" data-element_type=\"section\">\n\t\t\t\t\t\t<div class=\"elementor-container elementor-column-gap-default\">\n\t\t\t\t\t<div class=\"elementor-column elementor-col-100 elementor-inner-column elementor-element elementor-element-77eef82\" data-id=\"77eef82\" data-element_type=\"column\" data-settings=\"{&quot;background_background&quot;:&quot;classic&quot;}\">\n\t\t\t<div class=\"elementor-widget-wrap elementor-element-populated\">\n\t\t\t\t\t\t<div class=\"elementor-element elementor-element-9a849d4 elementor-widget elementor-widget-heading\" data-id=\"9a849d4\" data-element_type=\"widget\" data-widget_type=\"heading.default\">\n\t\t\t\t<div class=\"elementor-widget-container\">\n\t\t\t\t\t<h3 class=\"elementor-heading-title elementor-size-default\">Riesgo de inflaci\u00f3n<\/h3>\t\t\t\t<\/div>\n\t\t\t\t<\/div>\n\t\t\t\t<div class=\"elementor-element elementor-element-31adb7b elementor-widget elementor-widget-text-editor\" data-id=\"31adb7b\" data-element_type=\"widget\" data-widget_type=\"text-editor.default\">\n\t\t\t\t<div class=\"elementor-widget-container\">\n\t\t\t\t\t\t\t\t\tEs el riesgo m\u00e1s complejo porque reduce el poder adquisitivo del dinero. Esto significa que, con la misma cantidad de dinero, se compran menos cosas por el aumento de los precios.\n<br><br>\nLas personas que entran en etapa de desacumulaci\u00f3n, es decir, inicias a realizar retiros peri\u00f3dicos de tus aportes; tienen una edad m\u00e1s avanzada, por lo que suelen requerir cuidados m\u00e9dicos m\u00e1s especializados y costosos. La inflaci\u00f3n en los gastos asociados a la salud es m\u00e1s alta que en otro tipo de gastos, por lo que es fundamental que los inversionistas y ahorradores tengan en cuenta el riesgo de inflaci\u00f3n a la hora de planear objetivos a largo plazo.\t\t\t\t\t\t\t\t<\/div>\n\t\t\t\t<\/div>\n\t\t\t\t\t<\/div>\n\t\t<\/div>\n\t\t\t\t\t<\/div>\n\t\t<\/section>\n\t\t\t\t\t<\/div>\n\t\t<\/div>\n\t\t\t\t<div class=\"elementor-column elementor-col-50 elementor-inner-column elementor-element elementor-element-2a2313b\" data-id=\"2a2313b\" data-element_type=\"column\">\n\t\t\t<div class=\"elementor-widget-wrap elementor-element-populated\">\n\t\t\t\t\t\t<section class=\"elementor-section elementor-inner-section elementor-element elementor-element-6c84e1e elementor-section-height-min-height elementor-section-boxed elementor-section-height-default\" data-id=\"6c84e1e\" data-element_type=\"section\">\n\t\t\t\t\t\t<div class=\"elementor-container elementor-column-gap-default\">\n\t\t\t\t\t<div class=\"elementor-column elementor-col-100 elementor-inner-column elementor-element elementor-element-49424b1\" data-id=\"49424b1\" data-element_type=\"column\" data-settings=\"{&quot;background_background&quot;:&quot;classic&quot;}\">\n\t\t\t<div class=\"elementor-widget-wrap elementor-element-populated\">\n\t\t\t\t\t\t<div class=\"elementor-element elementor-element-04382a4 elementor-widget elementor-widget-heading\" data-id=\"04382a4\" data-element_type=\"widget\" data-widget_type=\"heading.default\">\n\t\t\t\t<div class=\"elementor-widget-container\">\n\t\t\t\t\t<h3 class=\"elementor-heading-title elementor-size-default\">Riesgo cambiario<\/h3>\t\t\t\t<\/div>\n\t\t\t\t<\/div>\n\t\t\t\t<div class=\"elementor-element elementor-element-5182083 elementor-widget elementor-widget-text-editor\" data-id=\"5182083\" data-element_type=\"widget\" data-widget_type=\"text-editor.default\">\n\t\t\t\t<div class=\"elementor-widget-container\">\n\t\t\t\t\t\t\t\t\tMuchos de los gastos comunes que tenemos est\u00e1n vinculados al precio del d\u00f3lar. Por ejemplo, el precio de la gasolina, Netflix, medicamentos importados, etc. Si nos enfocamos en invertir \u00fanicamente en activos que est\u00e1n valuados en pesos y no consideramos ninguna inversi\u00f3n en otras monedas, corremos el riesgo de incurrir en el riesgo cambiario.\t\t\t\t\t\t\t\t<\/div>\n\t\t\t\t<\/div>\n\t\t\t\t\t<\/div>\n\t\t<\/div>\n\t\t\t\t\t<\/div>\n\t\t<\/section>\n\t\t\t\t\t<\/div>\n\t\t<\/div>\n\t\t\t\t\t<\/div>\n\t\t<\/section>\n\t\t\t\t\t<\/div>\n\t\t<\/div>\n\t\t\t\t\t<\/div>\n\t\t<\/section>\n\t\t\t\t<section class=\"elementor-section elementor-top-section elementor-element elementor-element-58549f8 elementor-section-boxed elementor-section-height-default elementor-section-height-default\" data-id=\"58549f8\" data-element_type=\"section\">\n\t\t\t\t\t\t<div class=\"elementor-container elementor-column-gap-default\">\n\t\t\t\t\t<div class=\"elementor-column elementor-col-33 elementor-top-column elementor-element elementor-element-10d5715\" data-id=\"10d5715\" data-element_type=\"column\">\n\t\t\t<div class=\"elementor-widget-wrap\">\n\t\t\t\t\t\t\t<\/div>\n\t\t<\/div>\n\t\t\t\t<div class=\"elementor-column elementor-col-33 elementor-top-column elementor-element elementor-element-2d36e62\" data-id=\"2d36e62\" data-element_type=\"column\">\n\t\t\t<div class=\"elementor-widget-wrap elementor-element-populated\">\n\t\t\t\t\t\t<div class=\"elementor-element elementor-element-1886114 elementor-widget elementor-widget-text-editor\" data-id=\"1886114\" data-element_type=\"widget\" data-widget_type=\"text-editor.default\">\n\t\t\t\t<div class=\"elementor-widget-container\">\n\t\t\t\t\t\t\t\t\t<p>Siempre es importante contar con la asesor\u00eda de un finacial planner para cumplir tus metas y tambi\u00e9n para unir tu ahorro con tu inversi\u00f3n, lo que te permitir\u00e1 aumentar tu patrimonio y conocer los nuevos portafolios del Fondo. Adem\u00e1s, te puede ayudar a buscar la mejor estrategia de inversi\u00f3n para consolidar tu patrimonio y optimizar tus aportes. Recuerda que el riesgo que tomes al invertir puede traer grandes beneficios a largo plazo y tambi\u00e9n puede mejorar tus rendimientos.<\/p>\t\t\t\t\t\t\t\t<\/div>\n\t\t\t\t<\/div>\n\t\t\t\t\t<\/div>\n\t\t<\/div>\n\t\t\t\t<div class=\"elementor-column elementor-col-33 elementor-top-column elementor-element elementor-element-fd7f8c2\" data-id=\"fd7f8c2\" data-element_type=\"column\">\n\t\t\t<div class=\"elementor-widget-wrap\">\n\t\t\t\t\t\t\t<\/div>\n\t\t<\/div>\n\t\t\t\t\t<\/div>\n\t\t<\/section>\n\t\t\t\t<section class=\"elementor-section elementor-top-section elementor-element elementor-element-f695bd4 elementor-section-boxed elementor-section-height-default elementor-section-height-default\" data-id=\"f695bd4\" data-element_type=\"section\" data-settings=\"{&quot;background_background&quot;:&quot;classic&quot;}\">\n\t\t\t\t\t\t<div class=\"elementor-container elementor-column-gap-default\">\n\t\t\t\t\t<div class=\"elementor-column elementor-col-100 elementor-top-column elementor-element elementor-element-aa35c0f\" data-id=\"aa35c0f\" data-element_type=\"column\">\n\t\t\t<div class=\"elementor-widget-wrap elementor-element-populated\">\n\t\t\t\t\t\t<div class=\"elementor-element elementor-element-366ad4d elementor-widget elementor-widget-heading\" data-id=\"366ad4d\" data-element_type=\"widget\" data-widget_type=\"heading.default\">\n\t\t\t\t<div class=\"elementor-widget-container\">\n\t\t\t\t\t<h4 class=\"elementor-heading-title elementor-size-default\">S\u00e9 <strong style=\"color: #008ED6\">due\u00f1o<\/strong> de tu <strong style=\"color: #008ED6\">destino<\/strong> financiero, <strong style=\"color: #008ED6\">vinc\u00falate<\/strong> con nosotros y <strong style=\"color: #008ED6\">alcanza tus sue\u00f1os.<\/strong><\/h4>\t\t\t\t<\/div>\n\t\t\t\t<\/div>\n\t\t\t\t<div class=\"elementor-element elementor-element-1eb5bdf elementor-align-center elementor-mobile-align-center elementor-widget elementor-widget-button\" data-id=\"1eb5bdf\" data-element_type=\"widget\" data-widget_type=\"button.default\">\n\t\t\t\t<div class=\"elementor-widget-container\">\n\t\t\t\t\t\t\t\t\t<div class=\"elementor-button-wrapper\">\n\t\t\t\t\t<a class=\"elementor-button elementor-button-link elementor-size-md\" href=\"https:\/\/allianzahorroeinversiones.co\/transaccional\/solicitud-asesoria\" target=\"_blank\">\n\t\t\t\t\t\t<span class=\"elementor-button-content-wrapper\">\n\t\t\t\t\t\t\t\t\t<span class=\"elementor-button-text\">QUIERO SER CLIENTE<\/span>\n\t\t\t\t\t<\/span>\n\t\t\t\t\t<\/a>\n\t\t\t\t<\/div>\n\t\t\t\t\t\t\t\t<\/div>\n\t\t\t\t<\/div>\n\t\t\t\t\t<\/div>\n\t\t<\/div>\n\t\t\t\t\t<\/div>\n\t\t<\/section>\n\t\t\t\t<\/div>\n\t\t","protected":false},"excerpt":{"rendered":"<p>En Allianz somos expertos gestionando riesgos. Como asesores, es nuestra responsabilidad garantizar que nuestros clientes obtengan el m\u00e1ximo beneficio por eso, brindamos las mejores opciones para mitigar los riesgos a los que est\u00e1n expuestos. Para lograr cualquier objetivo de mediano y largo plazo, se requiere gestionar cuatro riesgos principales: Riesgo por crecimiento econ\u00f3mico Es necesario [&hellip;]<\/p>\n","protected":false},"author":2,"featured_media":0,"parent":0,"menu_order":0,"comment_status":"closed","ping_status":"closed","template":"","meta":{"inline_featured_image":false,"site-sidebar-layout":"no-sidebar","site-content-layout":"page-builder","ast-site-content-layout":"default","site-content-style":"default","site-sidebar-style":"default","ast-global-header-display":"","ast-banner-title-visibility":"","ast-main-header-display":"","ast-hfb-above-header-display":"","ast-hfb-below-header-display":"","ast-hfb-mobile-header-display":"","site-post-title":"disabled","ast-breadcrumbs-content":"","ast-featured-img":"disabled","footer-sml-layout":"","theme-transparent-header-meta":"","adv-header-id-meta":"","stick-header-meta":"","header-above-stick-meta":"","header-main-stick-meta":"","header-below-stick-meta":"","astra-migrate-meta-layouts":"default","ast-page-background-enabled":"default","ast-page-background-meta":{"desktop":{"background-color":"","background-image":"","background-repeat":"repeat","background-position":"center center","background-size":"auto","background-attachment":"scroll","background-type":"","background-media":"","overlay-type":"","overlay-color":"","overlay-opacity":"","overlay-gradient":""},"tablet":{"background-color":"","background-image":"","background-repeat":"repeat","background-position":"center center","background-size":"auto","background-attachment":"scroll","background-type":"","background-media":"","overlay-type":"","overlay-color":"","overlay-opacity":"","overlay-gradient":""},"mobile":{"background-color":"","background-image":"","background-repeat":"repeat","background-position":"center center","background-size":"auto","background-attachment":"scroll","background-type":"","background-media":"","overlay-type":"","overlay-color":"","overlay-opacity":"","overlay-gradient":""}},"ast-content-background-meta":{"desktop":{"background-color":"var(--ast-global-color-5)","background-image":"","background-repeat":"repeat","background-position":"center center","background-size":"auto","background-attachment":"scroll","background-type":"","background-media":"","overlay-type":"","overlay-color":"","overlay-opacity":"","overlay-gradient":""},"tablet":{"background-color":"var(--ast-global-color-5)","background-image":"","background-repeat":"repeat","background-position":"center center","background-size":"auto","background-attachment":"scroll","background-type":"","background-media":"","overlay-type":"","overlay-color":"","overlay-opacity":"","overlay-gradient":""},"mobile":{"background-color":"var(--ast-global-color-5)","background-image":"","background-repeat":"repeat","background-position":"center center","background-size":"auto","background-attachment":"scroll","background-type":"","background-media":"","overlay-type":"","overlay-color":"","overlay-opacity":"","overlay-gradient":""}},"footnotes":""},"class_list":["post-4814","page","type-page","status-publish","hentry"],"_links":{"self":[{"href":"https:\/\/allianzahorroeinversiones.co\/index.php?rest_route=\/wp\/v2\/pages\/4814","targetHints":{"allow":["GET"]}}],"collection":[{"href":"https:\/\/allianzahorroeinversiones.co\/index.php?rest_route=\/wp\/v2\/pages"}],"about":[{"href":"https:\/\/allianzahorroeinversiones.co\/index.php?rest_route=\/wp\/v2\/types\/page"}],"author":[{"embeddable":true,"href":"https:\/\/allianzahorroeinversiones.co\/index.php?rest_route=\/wp\/v2\/users\/2"}],"replies":[{"embeddable":true,"href":"https:\/\/allianzahorroeinversiones.co\/index.php?rest_route=%2Fwp%2Fv2%2Fcomments&post=4814"}],"version-history":[{"count":160,"href":"https:\/\/allianzahorroeinversiones.co\/index.php?rest_route=\/wp\/v2\/pages\/4814\/revisions"}],"predecessor-version":[{"id":20128,"href":"https:\/\/allianzahorroeinversiones.co\/index.php?rest_route=\/wp\/v2\/pages\/4814\/revisions\/20128"}],"wp:attachment":[{"href":"https:\/\/allianzahorroeinversiones.co\/index.php?rest_route=%2Fwp%2Fv2%2Fmedia&parent=4814"}],"curies":[{"name":"wp","href":"https:\/\/api.w.org\/{rel}","templated":true}]}}