{"id":3310,"date":"2023-07-10T15:21:35","date_gmt":"2023-07-10T20:21:35","guid":{"rendered":"https:\/\/allianzahorroeinversiones.co\/?page_id=3310"},"modified":"2023-08-22T11:53:17","modified_gmt":"2023-08-22T16:53:17","slug":"decreto-661","status":"publish","type":"page","link":"https:\/\/allianzahorroeinversiones.co\/?page_id=3310","title":{"rendered":"Decreto 661\u00a0"},"content":{"rendered":"\t\t<div data-elementor-type=\"wp-page\" data-elementor-id=\"3310\" class=\"elementor elementor-3310\">\n\t\t\t\t\t\t<section class=\"elementor-section elementor-top-section elementor-element elementor-element-d0b4da2 elementor-section-full_width elementor-section-height-default elementor-section-height-default\" data-id=\"d0b4da2\" data-element_type=\"section\">\n\t\t\t\t\t\t<div class=\"elementor-container elementor-column-gap-no\">\n\t\t\t\t\t<div class=\"elementor-column elementor-col-100 elementor-top-column elementor-element elementor-element-6d231f5\" data-id=\"6d231f5\" data-element_type=\"column\">\n\t\t\t<div class=\"elementor-widget-wrap elementor-element-populated\">\n\t\t\t\t\t\t<div class=\"elementor-element elementor-element-db6a46c elementor-widget elementor-widget-premium-addon-banner\" data-id=\"db6a46c\" data-element_type=\"widget\" data-widget_type=\"premium-addon-banner.default\">\n\t\t\t\t<div class=\"elementor-widget-container\">\n\t\t\t\t\t\t\t<div class=\"premium-banner-ib premium-banner-min-height premium-banner-animation1 none\">\n\t\t\t\t\t\t\t\t\t\t<img fetchpriority=\"high\" decoding=\"async\" width=\"3840\" height=\"904\" src=\"https:\/\/allianzahorroeinversiones.co\/wp-content\/uploads\/2023\/08\/Decreto-662.png\" class=\"attachment-full size-full wp-image-11904\" alt=\"\" srcset=\"https:\/\/allianzahorroeinversiones.co\/wp-content\/uploads\/2023\/08\/Decreto-662.png 3840w, https:\/\/allianzahorroeinversiones.co\/wp-content\/uploads\/2023\/08\/Decreto-662-300x71.png 300w, https:\/\/allianzahorroeinversiones.co\/wp-content\/uploads\/2023\/08\/Decreto-662-1024x241.png 1024w, https:\/\/allianzahorroeinversiones.co\/wp-content\/uploads\/2023\/08\/Decreto-662-768x181.png 768w, https:\/\/allianzahorroeinversiones.co\/wp-content\/uploads\/2023\/08\/Decreto-662-1536x362.png 1536w, https:\/\/allianzahorroeinversiones.co\/wp-content\/uploads\/2023\/08\/Decreto-662-2048x482.png 2048w\" sizes=\"(max-width: 3840px) 100vw, 3840px\" \/>\t\t\t\t\t\t\t\t\t<div class=\"premium-banner-ib-desc\">\n\t\t\t\t\t\t\t\t\t<h3 class=\"premium-banner-ib-title premium_banner_title\"><\/h3>\t\t\t\t\t\t\t\t\t\t\t\t<\/div>\n\t\t\t\t\t<\/div>\n\n\t\t\t\t\t\t<\/div>\n\t\t\t\t<\/div>\n\t\t\t\t\t<\/div>\n\t\t<\/div>\n\t\t\t\t\t<\/div>\n\t\t<\/section>\n\t\t\t\t<section class=\"elementor-section elementor-top-section elementor-element elementor-element-b0f5ec0 elementor-section-boxed elementor-section-height-default elementor-section-height-default\" data-id=\"b0f5ec0\" data-element_type=\"section\">\n\t\t\t\t\t\t<div class=\"elementor-container elementor-column-gap-default\">\n\t\t\t\t\t<div class=\"elementor-column elementor-col-100 elementor-top-column elementor-element elementor-element-a5ebd99\" data-id=\"a5ebd99\" data-element_type=\"column\">\n\t\t\t<div class=\"elementor-widget-wrap elementor-element-populated\">\n\t\t\t\t\t\t<section class=\"elementor-section elementor-inner-section elementor-element elementor-element-d0fa04d elementor-section-boxed elementor-section-height-default elementor-section-height-default\" data-id=\"d0fa04d\" data-element_type=\"section\">\n\t\t\t\t\t\t<div class=\"elementor-container elementor-column-gap-default\">\n\t\t\t\t\t<div class=\"elementor-column elementor-col-100 elementor-inner-column elementor-element elementor-element-9c0d376\" data-id=\"9c0d376\" data-element_type=\"column\" data-settings=\"{&quot;background_background&quot;:&quot;classic&quot;}\">\n\t\t\t<div class=\"elementor-widget-wrap elementor-element-populated\">\n\t\t\t\t\t\t<div class=\"elementor-element elementor-element-132ea98 elementor-widget elementor-widget-text-editor\" data-id=\"132ea98\" data-element_type=\"widget\" data-widget_type=\"text-editor.default\">\n\t\t\t\t<div class=\"elementor-widget-container\">\n\t\t\t\t\t\t\t\t\t<p><span style=\"color: #13a0d3;\">Este decreto de la Superintendencia Financiera reglamenta la actividad de asesor\u00eda.<\/span> La asistencia que te brinde un Financial Planner en el Fondo Voluntario de Pensiones debe contribuir a la toma de tus decisiones, por eso, debes recibir informaci\u00f3n clara basada en tu perfil de riesgo, que determinar\u00e1 por tu conocimiento de los mercados, tu disposici\u00f3n a asumir p\u00e9rdidas en el corto plazo, tus objetivos de ahorro y tus necesidades de liquidez. Este perfil se clasificar\u00e1 como conservador, enfocado, motivado, explorador, aventurero o pionero. Tambi\u00e9n, financial planner debe orientarte hacia el crecimiento de tu patrimonio, gestionando los riesgos de tu inversi\u00f3n.<\/p>\t\t\t\t\t\t\t\t<\/div>\n\t\t\t\t<\/div>\n\t\t\t\t\t<\/div>\n\t\t<\/div>\n\t\t\t\t\t<\/div>\n\t\t<\/section>\n\t\t\t\t<section class=\"elementor-section elementor-inner-section elementor-element elementor-element-49b07c8 elementor-section-boxed elementor-section-height-default elementor-section-height-default\" data-id=\"49b07c8\" data-element_type=\"section\" data-settings=\"{&quot;background_background&quot;:&quot;classic&quot;}\">\n\t\t\t\t\t\t<div class=\"elementor-container elementor-column-gap-default\">\n\t\t\t\t\t<div class=\"elementor-column elementor-col-50 elementor-inner-column elementor-element elementor-element-8413277\" data-id=\"8413277\" data-element_type=\"column\">\n\t\t\t<div class=\"elementor-widget-wrap elementor-element-populated\">\n\t\t\t\t\t\t<div class=\"elementor-element elementor-element-99a126c elementor-widget elementor-widget-text-editor\" data-id=\"99a126c\" data-element_type=\"widget\" data-widget_type=\"text-editor.default\">\n\t\t\t\t<div class=\"elementor-widget-container\">\n\t\t\t\t\t\t\t\t\tEs importante conocer el perfil de nuestros portafolios y las alternativas de financiaci\u00f3n que tenemos para ofrecerte, que se clasifican en universales, simples o complejos, de acuerdo con su estructura en activos subyacentes, riesgo, liquidez y volatilidad.<br><br><span style=\"color:#13A0D3\">Te acompa\u00f1amos en el logro de tus objetivos<\/span> de ahorro e inversi\u00f3n, por eso, monitoreamos y analizamos peri\u00f3dicamente la conveniencia de los portafolios seleccionados en seguimiento a tu perfil de riesgo, analizando si tienes una imagen de cliente inversionista. Buscamos que, de acuerdo a tu perfil de riesgo, elijas los portafolios que m\u00e1s se adapten a ti para que te mantengas dentro del perfil de riesgo m\u00e1s apropiado.\t\t\t\t\t\t\t\t<\/div>\n\t\t\t\t<\/div>\n\t\t\t\t\t<\/div>\n\t\t<\/div>\n\t\t\t\t<div class=\"elementor-column elementor-col-50 elementor-inner-column elementor-element elementor-element-2e9c21d\" data-id=\"2e9c21d\" data-element_type=\"column\" data-settings=\"{&quot;background_background&quot;:&quot;classic&quot;}\">\n\t\t\t<div class=\"elementor-widget-wrap elementor-element-populated\">\n\t\t\t\t\t\t\t<\/div>\n\t\t<\/div>\n\t\t\t\t\t<\/div>\n\t\t<\/section>\n\t\t\t\t\t<\/div>\n\t\t<\/div>\n\t\t\t\t\t<\/div>\n\t\t<\/section>\n\t\t\t\t<section class=\"elementor-section elementor-top-section elementor-element elementor-element-e5c5286 elementor-section-boxed elementor-section-height-default elementor-section-height-default\" data-id=\"e5c5286\" data-element_type=\"section\" data-settings=\"{&quot;background_background&quot;:&quot;classic&quot;}\">\n\t\t\t\t\t\t<div class=\"elementor-container elementor-column-gap-default\">\n\t\t\t\t\t<div class=\"elementor-column elementor-col-100 elementor-top-column elementor-element elementor-element-6f94d1b\" data-id=\"6f94d1b\" data-element_type=\"column\">\n\t\t\t<div class=\"elementor-widget-wrap elementor-element-populated\">\n\t\t\t\t\t\t<div class=\"elementor-element elementor-element-56f8ebb elementor-widget elementor-widget-heading\" data-id=\"56f8ebb\" data-element_type=\"widget\" data-widget_type=\"heading.default\">\n\t\t\t\t<div class=\"elementor-widget-container\">\n\t\t\t\t\t<h4 class=\"elementor-heading-title elementor-size-default\">S\u00e9 <strong style=\"color: #008ED6\">due\u00f1o<\/strong> de tu <strong style=\"color: #008ED6\">destino<\/strong> financiero, <strong style=\"color: #008ED6\">vinc\u00falate<\/strong> con nosotros y <strong style=\"color: #008ED6\">alcanza tus sue\u00f1os.<\/strong><\/h4>\t\t\t\t<\/div>\n\t\t\t\t<\/div>\n\t\t\t\t<div class=\"elementor-element elementor-element-20e6083 elementor-align-center elementor-mobile-align-center elementor-widget elementor-widget-button\" data-id=\"20e6083\" data-element_type=\"widget\" data-widget_type=\"button.default\">\n\t\t\t\t<div class=\"elementor-widget-container\">\n\t\t\t\t\t\t\t\t\t<div class=\"elementor-button-wrapper\">\n\t\t\t\t\t<a class=\"elementor-button elementor-button-link elementor-size-md\" href=\"https:\/\/allianzahorroeinversiones.co\/transaccional\/solicitud-asesoria\" target=\"_blank\">\n\t\t\t\t\t\t<span class=\"elementor-button-content-wrapper\">\n\t\t\t\t\t\t\t\t\t<span class=\"elementor-button-text\">QUIERO SER CLIENTE<\/span>\n\t\t\t\t\t<\/span>\n\t\t\t\t\t<\/a>\n\t\t\t\t<\/div>\n\t\t\t\t\t\t\t\t<\/div>\n\t\t\t\t<\/div>\n\t\t\t\t\t<\/div>\n\t\t<\/div>\n\t\t\t\t\t<\/div>\n\t\t<\/section>\n\t\t\t\t<\/div>\n\t\t","protected":false},"excerpt":{"rendered":"<p>Este decreto de la Superintendencia Financiera reglamenta la actividad de asesor\u00eda. La asistencia que te brinde un Financial Planner en el Fondo Voluntario de Pensiones debe contribuir a la toma de tus decisiones, por eso, debes recibir informaci\u00f3n clara basada en tu perfil de riesgo, que determinar\u00e1 por tu conocimiento de los mercados, tu disposici\u00f3n [&hellip;]<\/p>\n","protected":false},"author":2,"featured_media":0,"parent":0,"menu_order":0,"comment_status":"closed","ping_status":"closed","template":"","meta":{"inline_featured_image":false,"site-sidebar-layout":"no-sidebar","site-content-layout":"page-builder","ast-site-content-layout":"default","site-content-style":"default","site-sidebar-style":"default","ast-global-header-display":"","ast-banner-title-visibility":"","ast-main-header-display":"","ast-hfb-above-header-display":"","ast-hfb-below-header-display":"","ast-hfb-mobile-header-display":"","site-post-title":"disabled","ast-breadcrumbs-content":"","ast-featured-img":"disabled","footer-sml-layout":"","theme-transparent-header-meta":"","adv-header-id-meta":"","stick-header-meta":"","header-above-stick-meta":"","header-main-stick-meta":"","header-below-stick-meta":"","astra-migrate-meta-layouts":"default","ast-page-background-enabled":"default","ast-page-background-meta":{"desktop":{"background-color":"","background-image":"","background-repeat":"repeat","background-position":"center center","background-size":"auto","background-attachment":"scroll","background-type":"","background-media":"","overlay-type":"","overlay-color":"","overlay-opacity":"","overlay-gradient":""},"tablet":{"background-color":"","background-image":"","background-repeat":"repeat","background-position":"center center","background-size":"auto","background-attachment":"scroll","background-type":"","background-media":"","overlay-type":"","overlay-color":"","overlay-opacity":"","overlay-gradient":""},"mobile":{"background-color":"","background-image":"","background-repeat":"repeat","background-position":"center center","background-size":"auto","background-attachment":"scroll","background-type":"","background-media":"","overlay-type":"","overlay-color":"","overlay-opacity":"","overlay-gradient":""}},"ast-content-background-meta":{"desktop":{"background-color":"var(--ast-global-color-5)","background-image":"","background-repeat":"repeat","background-position":"center center","background-size":"auto","background-attachment":"scroll","background-type":"","background-media":"","overlay-type":"","overlay-color":"","overlay-opacity":"","overlay-gradient":""},"tablet":{"background-color":"var(--ast-global-color-5)","background-image":"","background-repeat":"repeat","background-position":"center center","background-size":"auto","background-attachment":"scroll","background-type":"","background-media":"","overlay-type":"","overlay-color":"","overlay-opacity":"","overlay-gradient":""},"mobile":{"background-color":"var(--ast-global-color-5)","background-image":"","background-repeat":"repeat","background-position":"center center","background-size":"auto","background-attachment":"scroll","background-type":"","background-media":"","overlay-type":"","overlay-color":"","overlay-opacity":"","overlay-gradient":""}},"footnotes":""},"class_list":["post-3310","page","type-page","status-publish","hentry"],"_links":{"self":[{"href":"https:\/\/allianzahorroeinversiones.co\/index.php?rest_route=\/wp\/v2\/pages\/3310","targetHints":{"allow":["GET"]}}],"collection":[{"href":"https:\/\/allianzahorroeinversiones.co\/index.php?rest_route=\/wp\/v2\/pages"}],"about":[{"href":"https:\/\/allianzahorroeinversiones.co\/index.php?rest_route=\/wp\/v2\/types\/page"}],"author":[{"embeddable":true,"href":"https:\/\/allianzahorroeinversiones.co\/index.php?rest_route=\/wp\/v2\/users\/2"}],"replies":[{"embeddable":true,"href":"https:\/\/allianzahorroeinversiones.co\/index.php?rest_route=%2Fwp%2Fv2%2Fcomments&post=3310"}],"version-history":[{"count":46,"href":"https:\/\/allianzahorroeinversiones.co\/index.php?rest_route=\/wp\/v2\/pages\/3310\/revisions"}],"predecessor-version":[{"id":11910,"href":"https:\/\/allianzahorroeinversiones.co\/index.php?rest_route=\/wp\/v2\/pages\/3310\/revisions\/11910"}],"wp:attachment":[{"href":"https:\/\/allianzahorroeinversiones.co\/index.php?rest_route=%2Fwp%2Fv2%2Fmedia&parent=3310"}],"curies":[{"name":"wp","href":"https:\/\/api.w.org\/{rel}","templated":true}]}}