{"id":3002,"date":"2023-06-12T15:55:25","date_gmt":"2023-06-12T20:55:25","guid":{"rendered":"https:\/\/allianzahorroeinversiones.co\/?page_id=3002"},"modified":"2023-10-13T19:45:01","modified_gmt":"2023-10-14T00:45:01","slug":"quieres-ahorrar-para-construir-tu-pension","status":"publish","type":"page","link":"https:\/\/allianzahorroeinversiones.co\/?page_id=3002","title":{"rendered":"\u00bfQuieres ahorrar para construir tu Pensi\u00f3n?"},"content":{"rendered":"\t\t<div data-elementor-type=\"wp-page\" data-elementor-id=\"3002\" class=\"elementor elementor-3002\">\n\t\t\t\t\t\t<section class=\"elementor-section elementor-top-section elementor-element elementor-element-a7e5f18 elementor-section-full_width elementor-section-height-default elementor-section-height-default\" data-id=\"a7e5f18\" data-element_type=\"section\">\n\t\t\t\t\t\t<div class=\"elementor-container elementor-column-gap-no\">\n\t\t\t\t\t<div class=\"elementor-column elementor-col-100 elementor-top-column elementor-element elementor-element-b9da1b8\" data-id=\"b9da1b8\" data-element_type=\"column\">\n\t\t\t<div class=\"elementor-widget-wrap elementor-element-populated\">\n\t\t\t\t\t\t<div class=\"elementor-element elementor-element-cf038da elementor-widget elementor-widget-premium-addon-banner\" data-id=\"cf038da\" data-element_type=\"widget\" data-widget_type=\"premium-addon-banner.default\">\n\t\t\t\t<div class=\"elementor-widget-container\">\n\t\t\t\t\t\t\t<div class=\"premium-banner-ib premium-banner-min-height premium-banner-animation1 none active\">\n\t\t\t\t\t\t\t\t\t\t<img fetchpriority=\"high\" decoding=\"async\" width=\"1920\" height=\"450\" src=\"https:\/\/allianzahorroeinversiones.co\/wp-content\/uploads\/2023\/10\/Quieres-ahorrar-para-construir-tu-pension.png\" class=\"attachment-full size-full wp-image-14402\" alt=\"\" srcset=\"https:\/\/allianzahorroeinversiones.co\/wp-content\/uploads\/2023\/10\/Quieres-ahorrar-para-construir-tu-pension.png 1920w, https:\/\/allianzahorroeinversiones.co\/wp-content\/uploads\/2023\/10\/Quieres-ahorrar-para-construir-tu-pension-300x70.png 300w, https:\/\/allianzahorroeinversiones.co\/wp-content\/uploads\/2023\/10\/Quieres-ahorrar-para-construir-tu-pension-1024x240.png 1024w, https:\/\/allianzahorroeinversiones.co\/wp-content\/uploads\/2023\/10\/Quieres-ahorrar-para-construir-tu-pension-768x180.png 768w, https:\/\/allianzahorroeinversiones.co\/wp-content\/uploads\/2023\/10\/Quieres-ahorrar-para-construir-tu-pension-1536x360.png 1536w\" sizes=\"(max-width: 1920px) 100vw, 1920px\" \/>\t\t\t\t\t\t\t\t\t<div class=\"premium-banner-ib-desc\">\n\t\t\t\t\t\t\t\t\t<h3 class=\"premium-banner-ib-title premium_banner_title\"><\/h3>\t\t\t\t\t\t\t\t\t\t\t\t<\/div>\n\t\t\t\t\t<\/div>\n\n\t\t\t\t\t\t<\/div>\n\t\t\t\t<\/div>\n\t\t\t\t\t<\/div>\n\t\t<\/div>\n\t\t\t\t\t<\/div>\n\t\t<\/section>\n\t\t\t\t<section class=\"elementor-section elementor-top-section elementor-element elementor-element-e07b568 elementor-section-boxed elementor-section-height-default elementor-section-height-default\" data-id=\"e07b568\" data-element_type=\"section\">\n\t\t\t\t\t\t<div class=\"elementor-container elementor-column-gap-default\">\n\t\t\t\t\t<div class=\"elementor-column elementor-col-50 elementor-top-column elementor-element elementor-element-02a92b3\" data-id=\"02a92b3\" data-element_type=\"column\" data-settings=\"{&quot;background_background&quot;:&quot;classic&quot;}\">\n\t\t\t<div class=\"elementor-widget-wrap elementor-element-populated\">\n\t\t\t\t\t\t<div class=\"elementor-element elementor-element-9edff5c elementor-widget elementor-widget-text-editor\" data-id=\"9edff5c\" data-element_type=\"widget\" data-widget_type=\"text-editor.default\">\n\t\t\t\t<div class=\"elementor-widget-container\">\n\t\t\t\t\t\t\t\t\t<p>Ahorrar a largo plazo a trav\u00e9s del Fondo Voluntario de Pensiones de Allianz es una decisi\u00f3n inteligente que te brinda la oportunidad de vivir c\u00f3moda y tranquilamente cuando te jubiles.<\/p><p>Al destinar una parte de tus ingresos para hacer aportes al Fondo, est\u00e1s creando un colch\u00f3n financiero que te permitir\u00e1 disfrutar calidad de vida en tus a\u00f1os dorados; tambi\u00e9n, tendr\u00e1s la liberad de viajar, dedicarte a tus pasatiempos, pasar m\u00e1s tiempo con tu familia y disfrutar nuevas experiencias.<\/p>\t\t\t\t\t\t\t\t<\/div>\n\t\t\t\t<\/div>\n\t\t\t\t\t<\/div>\n\t\t<\/div>\n\t\t\t\t<div class=\"elementor-column elementor-col-50 elementor-top-column elementor-element elementor-element-a98ab86\" data-id=\"a98ab86\" data-element_type=\"column\" data-settings=\"{&quot;background_background&quot;:&quot;classic&quot;}\">\n\t\t\t<div class=\"elementor-widget-wrap elementor-element-populated\">\n\t\t\t\t\t\t<div class=\"elementor-element elementor-element-35259d9 elementor-widget elementor-widget-text-editor\" data-id=\"35259d9\" data-element_type=\"widget\" data-widget_type=\"text-editor.default\">\n\t\t\t\t<div class=\"elementor-widget-container\">\n\t\t\t\t\t\t\t\t\t<p>Los fondos voluntarios de pensiones tambi\u00e9n ofrecen varias ventajas, entre ellas la flexibilidad y control que tienes sobre tus ahorros. T\u00fa decides cu\u00e1nto ahorrar y como invertir tus recursos, adapt\u00e1ndolos a tu perfil de riesgo y objetivos financieros. Esta libertad ayuda a maximizar tus rendimientos y obtener un mayor crecimiento a largo plazo.<\/p><p>Adem\u00e1s, cuentas con incentivos fiscales por ahorrar en nuestro Fondo, lo que significa que puedes obtener beneficios tributarios al realizar tus aportes, reduciendo as\u00ed tu carga impositiva actual y aumentando tu patrimonio para el futuro.<\/p>\t\t\t\t\t\t\t\t<\/div>\n\t\t\t\t<\/div>\n\t\t\t\t\t<\/div>\n\t\t<\/div>\n\t\t\t\t\t<\/div>\n\t\t<\/section>\n\t\t\t\t<section class=\"elementor-section elementor-top-section elementor-element elementor-element-d4691bb elementor-section-boxed elementor-section-height-default elementor-section-height-default\" data-id=\"d4691bb\" data-element_type=\"section\">\n\t\t\t\t\t\t<div class=\"elementor-container elementor-column-gap-no\">\n\t\t\t\t\t<div class=\"elementor-column elementor-col-50 elementor-top-column elementor-element elementor-element-6035350\" data-id=\"6035350\" data-element_type=\"column\" data-settings=\"{&quot;background_background&quot;:&quot;classic&quot;}\">\n\t\t\t<div class=\"elementor-widget-wrap\">\n\t\t\t\t\t\t\t<\/div>\n\t\t<\/div>\n\t\t\t\t<div class=\"elementor-column elementor-col-50 elementor-top-column elementor-element elementor-element-a3c627b\" data-id=\"a3c627b\" data-element_type=\"column\" data-settings=\"{&quot;background_background&quot;:&quot;classic&quot;}\">\n\t\t\t<div class=\"elementor-widget-wrap elementor-element-populated\">\n\t\t\t\t\t\t<div class=\"elementor-element elementor-element-fc5b6ff elementor-widget elementor-widget-text-editor\" data-id=\"fc5b6ff\" data-element_type=\"widget\" data-widget_type=\"text-editor.default\">\n\t\t\t\t<div class=\"elementor-widget-container\">\n\t\t\t\t\t\t\t\t\t<p><span style=\"color: #ffffff;\">Mientras m\u00e1s pronto empieces a ahorrar, m\u00e1s tiempo tendr\u00e1s para capitalizar tus inversiones y generar un mayor rendimiento. Cada peque\u00f1o sacrificio que hagas hoy se traducir\u00e1 en estabilidad y tranquilidad financiera en el futuro.\u00a0<\/span><\/p><p><span style=\"color: #ffffff;\">No subestimes el poder del ahorro constante. Establece metas claras, define un plan de ahorro realista y mant\u00e9n la disciplina para cumplirlo. Cada aporte que realices te acerca un paso m\u00e1s a la vida que deseas tener despu\u00e9s de tu etapa laboral.\u00a0<\/span><\/p><p><span style=\"color: #ffffff;\">Desde hoy empieza a invertir en ti y en tus sue\u00f1os, \u00a1tienes el poder de asegurar una jubilaci\u00f3n pr\u00f3spera y feliz! Ahorra desde ya en el Fondo Voluntario de Pensiones de Allianz, tomando riesgos de inversi\u00f3n y exposici\u00f3n al mercado de valor, de acuerdo con el tiempo de meta que estableciste para lograrlo.\u00a0<\/span><\/p><p><span style=\"color: #ffffff;\">Adem\u00e1s, cuentas con incentivos fiscales por ahorrar en un Fondo Voluntario de Pensiones, lo que te puede dar beneficios tributarios al realizar tus aportes, reduciendo tu carga impositiva actual y aumentando tu patrimonio para el futuro.<\/span><\/p>\t\t\t\t\t\t\t\t<\/div>\n\t\t\t\t<\/div>\n\t\t\t\t\t<\/div>\n\t\t<\/div>\n\t\t\t\t\t<\/div>\n\t\t<\/section>\n\t\t\t\t<section class=\"elementor-section elementor-top-section elementor-element elementor-element-00d413b elementor-section-boxed elementor-section-height-default elementor-section-height-default\" data-id=\"00d413b\" data-element_type=\"section\">\n\t\t\t\t\t\t<div class=\"elementor-container elementor-column-gap-default\">\n\t\t\t\t\t<div class=\"elementor-column elementor-col-50 elementor-top-column elementor-element elementor-element-4f5a43e\" data-id=\"4f5a43e\" data-element_type=\"column\" data-settings=\"{&quot;background_background&quot;:&quot;classic&quot;}\">\n\t\t\t<div class=\"elementor-widget-wrap elementor-element-populated\">\n\t\t\t\t\t\t<div class=\"elementor-element elementor-element-3e1594e elementor-widget__width-initial elementor-widget elementor-widget-image\" data-id=\"3e1594e\" data-element_type=\"widget\" data-widget_type=\"image.default\">\n\t\t\t\t<div class=\"elementor-widget-container\">\n\t\t\t\t\t\t\t\t\t\t\t\t\t\t\t<img decoding=\"async\" width=\"160\" height=\"160\" src=\"https:\/\/allianzahorroeinversiones.co\/wp-content\/uploads\/2023\/08\/Grupo-642-4.svg\" class=\"attachment-full size-full wp-image-11592\" alt=\"\" \/>\t\t\t\t\t\t\t\t\t\t\t\t\t\t\t<\/div>\n\t\t\t\t<\/div>\n\t\t\t\t\t<\/div>\n\t\t<\/div>\n\t\t\t\t<div class=\"elementor-column elementor-col-50 elementor-top-column elementor-element elementor-element-dd720b5\" data-id=\"dd720b5\" data-element_type=\"column\" data-settings=\"{&quot;background_background&quot;:&quot;classic&quot;}\">\n\t\t\t<div class=\"elementor-widget-wrap elementor-element-populated\">\n\t\t\t\t\t\t<div class=\"elementor-element elementor-element-7f9a273 elementor-widget elementor-widget-text-editor\" data-id=\"7f9a273\" data-element_type=\"widget\" data-widget_type=\"text-editor.default\">\n\t\t\t\t<div class=\"elementor-widget-container\">\n\t\t\t\t\t\t\t\t\t<p>En Allianz somos expertos gestionando riesgos. Como asesores, es nuestra responsabilidad garantizar que nuestros clientes obtengan el m\u00e1ximo beneficio, por eso, brindamos las mejores opciones para mitigar los riesgos a los que est\u00e9n expuestos.<\/p>\t\t\t\t\t\t\t\t<\/div>\n\t\t\t\t<\/div>\n\t\t\t\t\t<\/div>\n\t\t<\/div>\n\t\t\t\t\t<\/div>\n\t\t<\/section>\n\t\t\t\t<section class=\"elementor-section elementor-top-section elementor-element elementor-element-33d1c89 elementor-section-boxed elementor-section-height-default elementor-section-height-default\" data-id=\"33d1c89\" data-element_type=\"section\" data-settings=\"{&quot;background_background&quot;:&quot;classic&quot;}\">\n\t\t\t\t\t\t<div class=\"elementor-container elementor-column-gap-default\">\n\t\t\t\t\t<div class=\"elementor-column elementor-col-100 elementor-top-column elementor-element elementor-element-3eab840\" data-id=\"3eab840\" data-element_type=\"column\">\n\t\t\t<div class=\"elementor-widget-wrap elementor-element-populated\">\n\t\t\t\t\t\t<div class=\"elementor-element elementor-element-a75a435 elementor-widget elementor-widget-heading\" data-id=\"a75a435\" data-element_type=\"widget\" data-widget_type=\"heading.default\">\n\t\t\t\t<div class=\"elementor-widget-container\">\n\t\t\t\t\t<h4 class=\"elementor-heading-title elementor-size-default\">S\u00e9 <strong style=\"color: #008ED6\">due\u00f1o<\/strong> de tu <strong style=\"color: #008ED6\">destino<\/strong> financiero, <strong style=\"color: #008ED6\">vinc\u00falate<\/strong> con nosotros y <strong style=\"color: #008ED6\">alcanza tus sue\u00f1os.<\/strong><\/h4>\t\t\t\t<\/div>\n\t\t\t\t<\/div>\n\t\t\t\t<div class=\"elementor-element elementor-element-23224b7 elementor-align-center elementor-mobile-align-center elementor-widget elementor-widget-button\" data-id=\"23224b7\" data-element_type=\"widget\" data-widget_type=\"button.default\">\n\t\t\t\t<div class=\"elementor-widget-container\">\n\t\t\t\t\t\t\t\t\t<div class=\"elementor-button-wrapper\">\n\t\t\t\t\t<a class=\"elementor-button elementor-button-link elementor-size-md\" href=\"https:\/\/allianzahorroeinversiones.co\/transaccional\/solicitud-asesoria\" target=\"_blank\">\n\t\t\t\t\t\t<span class=\"elementor-button-content-wrapper\">\n\t\t\t\t\t\t\t\t\t<span class=\"elementor-button-text\">QUIERO SER CLIENTE<\/span>\n\t\t\t\t\t<\/span>\n\t\t\t\t\t<\/a>\n\t\t\t\t<\/div>\n\t\t\t\t\t\t\t\t<\/div>\n\t\t\t\t<\/div>\n\t\t\t\t\t<\/div>\n\t\t<\/div>\n\t\t\t\t\t<\/div>\n\t\t<\/section>\n\t\t\t\t<\/div>\n\t\t","protected":false},"excerpt":{"rendered":"<p>Ahorrar a largo plazo a trav\u00e9s del Fondo Voluntario de Pensiones de Allianz es una decisi\u00f3n inteligente que te brinda la oportunidad de vivir c\u00f3moda y tranquilamente cuando te jubiles. Al destinar una parte de tus ingresos para hacer aportes al Fondo, est\u00e1s creando un colch\u00f3n financiero que te permitir\u00e1 disfrutar calidad de vida en [&hellip;]<\/p>\n","protected":false},"author":3,"featured_media":0,"parent":0,"menu_order":0,"comment_status":"closed","ping_status":"closed","template":"","meta":{"inline_featured_image":false,"site-sidebar-layout":"no-sidebar","site-content-layout":"page-builder","ast-site-content-layout":"default","site-content-style":"default","site-sidebar-style":"default","ast-global-header-display":"","ast-banner-title-visibility":"","ast-main-header-display":"","ast-hfb-above-header-display":"","ast-hfb-below-header-display":"","ast-hfb-mobile-header-display":"","site-post-title":"disabled","ast-breadcrumbs-content":"","ast-featured-img":"disabled","footer-sml-layout":"","theme-transparent-header-meta":"","adv-header-id-meta":"","stick-header-meta":"","header-above-stick-meta":"","header-main-stick-meta":"","header-below-stick-meta":"","astra-migrate-meta-layouts":"default","ast-page-background-enabled":"default","ast-page-background-meta":{"desktop":{"background-color":"","background-image":"","background-repeat":"repeat","background-position":"center center","background-size":"auto","background-attachment":"scroll","background-type":"","background-media":"","overlay-type":"","overlay-color":"","overlay-opacity":"","overlay-gradient":""},"tablet":{"background-color":"","background-image":"","background-repeat":"repeat","background-position":"center center","background-size":"auto","background-attachment":"scroll","background-type":"","background-media":"","overlay-type":"","overlay-color":"","overlay-opacity":"","overlay-gradient":""},"mobile":{"background-color":"","background-image":"","background-repeat":"repeat","background-position":"center center","background-size":"auto","background-attachment":"scroll","background-type":"","background-media":"","overlay-type":"","overlay-color":"","overlay-opacity":"","overlay-gradient":""}},"ast-content-background-meta":{"desktop":{"background-color":"var(--ast-global-color-5)","background-image":"","background-repeat":"repeat","background-position":"center center","background-size":"auto","background-attachment":"scroll","background-type":"","background-media":"","overlay-type":"","overlay-color":"","overlay-opacity":"","overlay-gradient":""},"tablet":{"background-color":"var(--ast-global-color-5)","background-image":"","background-repeat":"repeat","background-position":"center center","background-size":"auto","background-attachment":"scroll","background-type":"","background-media":"","overlay-type":"","overlay-color":"","overlay-opacity":"","overlay-gradient":""},"mobile":{"background-color":"var(--ast-global-color-5)","background-image":"","background-repeat":"repeat","background-position":"center center","background-size":"auto","background-attachment":"scroll","background-type":"","background-media":"","overlay-type":"","overlay-color":"","overlay-opacity":"","overlay-gradient":""}},"footnotes":""},"class_list":["post-3002","page","type-page","status-publish","hentry"],"_links":{"self":[{"href":"https:\/\/allianzahorroeinversiones.co\/index.php?rest_route=\/wp\/v2\/pages\/3002","targetHints":{"allow":["GET"]}}],"collection":[{"href":"https:\/\/allianzahorroeinversiones.co\/index.php?rest_route=\/wp\/v2\/pages"}],"about":[{"href":"https:\/\/allianzahorroeinversiones.co\/index.php?rest_route=\/wp\/v2\/types\/page"}],"author":[{"embeddable":true,"href":"https:\/\/allianzahorroeinversiones.co\/index.php?rest_route=\/wp\/v2\/users\/3"}],"replies":[{"embeddable":true,"href":"https:\/\/allianzahorroeinversiones.co\/index.php?rest_route=%2Fwp%2Fv2%2Fcomments&post=3002"}],"version-history":[{"count":31,"href":"https:\/\/allianzahorroeinversiones.co\/index.php?rest_route=\/wp\/v2\/pages\/3002\/revisions"}],"predecessor-version":[{"id":14405,"href":"https:\/\/allianzahorroeinversiones.co\/index.php?rest_route=\/wp\/v2\/pages\/3002\/revisions\/14405"}],"wp:attachment":[{"href":"https:\/\/allianzahorroeinversiones.co\/index.php?rest_route=%2Fwp%2Fv2%2Fmedia&parent=3002"}],"curies":[{"name":"wp","href":"https:\/\/api.w.org\/{rel}","templated":true}]}}