{"id":20509,"date":"2025-02-24T12:01:20","date_gmt":"2025-02-24T17:01:20","guid":{"rendered":"https:\/\/allianzahorroeinversiones.co\/?page_id=20509"},"modified":"2025-02-24T17:36:57","modified_gmt":"2025-02-24T22:36:57","slug":"brand-finance-global-500","status":"publish","type":"page","link":"https:\/\/allianzahorroeinversiones.co\/?page_id=20509","title":{"rendered":"Brand Finance Global 500"},"content":{"rendered":"\t\t<div data-elementor-type=\"wp-page\" data-elementor-id=\"20509\" class=\"elementor elementor-20509\">\n\t\t\t\t\t\t<section class=\"elementor-section elementor-top-section elementor-element elementor-element-d0b4da2 elementor-section-full_width elementor-section-height-default elementor-section-height-default\" data-id=\"d0b4da2\" data-element_type=\"section\">\n\t\t\t\t\t\t<div class=\"elementor-container elementor-column-gap-no\">\n\t\t\t\t\t<div class=\"elementor-column elementor-col-100 elementor-top-column elementor-element elementor-element-6d231f5\" data-id=\"6d231f5\" data-element_type=\"column\">\n\t\t\t<div class=\"elementor-widget-wrap elementor-element-populated\">\n\t\t\t\t\t\t<div class=\"elementor-element elementor-element-db6a46c elementor-widget elementor-widget-premium-addon-banner\" data-id=\"db6a46c\" data-element_type=\"widget\" data-widget_type=\"premium-addon-banner.default\">\n\t\t\t\t<div class=\"elementor-widget-container\">\n\t\t\t\t\t\t\t<div class=\"premium-banner-ib premium-banner-min-height premium-banner-animation1 none\">\n\t\t\t\t\t\t\t\t\t\t<img fetchpriority=\"high\" decoding=\"async\" width=\"3840\" height=\"904\" src=\"https:\/\/allianzahorroeinversiones.co\/wp-content\/uploads\/2025\/02\/Banner-3840x904-1.png\" class=\"attachment-full size-full wp-image-20503\" alt=\"\" srcset=\"https:\/\/allianzahorroeinversiones.co\/wp-content\/uploads\/2025\/02\/Banner-3840x904-1.png 3840w, https:\/\/allianzahorroeinversiones.co\/wp-content\/uploads\/2025\/02\/Banner-3840x904-1-300x71.png 300w, https:\/\/allianzahorroeinversiones.co\/wp-content\/uploads\/2025\/02\/Banner-3840x904-1-1024x241.png 1024w, https:\/\/allianzahorroeinversiones.co\/wp-content\/uploads\/2025\/02\/Banner-3840x904-1-768x181.png 768w, https:\/\/allianzahorroeinversiones.co\/wp-content\/uploads\/2025\/02\/Banner-3840x904-1-1536x362.png 1536w, https:\/\/allianzahorroeinversiones.co\/wp-content\/uploads\/2025\/02\/Banner-3840x904-1-2048x482.png 2048w\" sizes=\"(max-width: 3840px) 100vw, 3840px\" \/>\t\t\t\t\t\t\t\t\t<div class=\"premium-banner-ib-desc\">\n\t\t\t\t\t\t\t\t\t<h3 class=\"premium-banner-ib-title premium_banner_title\"><\/h3>\t\t\t\t\t\t\t\t\t\t\t\t<\/div>\n\t\t\t\t\t<\/div>\n\n\t\t\t\t\t\t<\/div>\n\t\t\t\t<\/div>\n\t\t\t\t\t<\/div>\n\t\t<\/div>\n\t\t\t\t\t<\/div>\n\t\t<\/section>\n\t\t\t\t<section class=\"elementor-section elementor-top-section elementor-element elementor-element-b0f5ec0 elementor-section-boxed elementor-section-height-default elementor-section-height-default\" data-id=\"b0f5ec0\" data-element_type=\"section\">\n\t\t\t\t\t\t<div class=\"elementor-container elementor-column-gap-default\">\n\t\t\t\t\t<div class=\"elementor-column elementor-col-100 elementor-top-column elementor-element elementor-element-a5ebd99\" data-id=\"a5ebd99\" data-element_type=\"column\">\n\t\t\t<div class=\"elementor-widget-wrap elementor-element-populated\">\n\t\t\t\t\t\t<section class=\"elementor-section elementor-inner-section elementor-element elementor-element-d0fa04d elementor-section-boxed elementor-section-height-default elementor-section-height-default\" data-id=\"d0fa04d\" data-element_type=\"section\">\n\t\t\t\t\t\t<div class=\"elementor-container elementor-column-gap-default\">\n\t\t\t\t\t<div class=\"elementor-column elementor-col-100 elementor-inner-column elementor-element elementor-element-9c0d376\" data-id=\"9c0d376\" data-element_type=\"column\" data-settings=\"{&quot;background_background&quot;:&quot;classic&quot;}\">\n\t\t\t<div class=\"elementor-widget-wrap elementor-element-populated\">\n\t\t\t\t\t\t<div class=\"elementor-element elementor-element-132ea98 elementor-widget elementor-widget-text-editor\" data-id=\"132ea98\" data-element_type=\"widget\" data-widget_type=\"text-editor.default\">\n\t\t\t\t<div class=\"elementor-widget-container\">\n\t\t\t\t\t\t\t\t\t<p><span style=\"color: #13a0d3;\">Allianz, la marca aseguradora #1 del mundo.<\/span> Logr\u00f3 una vez m\u00e1s ser la marca de seguros y de gesti\u00f3n de activos m\u00e1s valiosa a nivel global seg\u00fan Brand Finance Global 500, demostrando su fortaleza y presencia en el mercado mundial.<\/p>\t\t\t\t\t\t\t\t<\/div>\n\t\t\t\t<\/div>\n\t\t\t\t\t<\/div>\n\t\t<\/div>\n\t\t\t\t\t<\/div>\n\t\t<\/section>\n\t\t\t\t<section class=\"elementor-section elementor-inner-section elementor-element elementor-element-49b07c8 elementor-section-boxed elementor-section-height-default elementor-section-height-default\" data-id=\"49b07c8\" data-element_type=\"section\" data-settings=\"{&quot;background_background&quot;:&quot;classic&quot;}\">\n\t\t\t\t\t\t<div class=\"elementor-container elementor-column-gap-default\">\n\t\t\t\t\t<div class=\"elementor-column elementor-col-50 elementor-inner-column elementor-element elementor-element-8413277\" data-id=\"8413277\" data-element_type=\"column\">\n\t\t\t<div class=\"elementor-widget-wrap elementor-element-populated\">\n\t\t\t\t\t\t<div class=\"elementor-element elementor-element-99a126c elementor-widget elementor-widget-text-editor\" data-id=\"99a126c\" data-element_type=\"widget\" data-widget_type=\"text-editor.default\">\n\t\t\t\t<div class=\"elementor-widget-container\">\n\t\t\t\t\t\t\t\t\t<p>Este reconocimiento llega en un a\u00f1o muy especial, en la celebraci\u00f3n de su aniversario 150 como Allianz Colombia. \u00a0Adem\u00e1s, Allianz est\u00e1 entre las 25 mejores marcas del mundo aumentando su valor de marca a 49.8 billones\u00a0USD. Este hito refleja la dedicaci\u00f3n y excelencia de un trabajo en equipo de los clientes, intermediarios, socios comerciales y Allianzers en 70 mercados a nivel global.<\/p><p>Este enfoque estrat\u00e9gico que est\u00e1 teniendo la marca Allianz garantiza no solo ser confiable, sino tambi\u00e9n ser la marca que crea una fuerza din\u00e1mica en la industria y que va m\u00e1s all\u00e1.<\/p>\t\t\t\t\t\t\t\t<\/div>\n\t\t\t\t<\/div>\n\t\t\t\t\t<\/div>\n\t\t<\/div>\n\t\t\t\t<div class=\"elementor-column elementor-col-50 elementor-inner-column elementor-element elementor-element-2e9c21d\" data-id=\"2e9c21d\" data-element_type=\"column\" data-settings=\"{&quot;background_background&quot;:&quot;classic&quot;}\">\n\t\t\t<div class=\"elementor-widget-wrap elementor-element-populated\">\n\t\t\t\t\t\t\t<\/div>\n\t\t<\/div>\n\t\t\t\t\t<\/div>\n\t\t<\/section>\n\t\t\t\t\t<\/div>\n\t\t<\/div>\n\t\t\t\t\t<\/div>\n\t\t<\/section>\n\t\t\t\t<section class=\"elementor-section elementor-top-section elementor-element elementor-element-e5c5286 elementor-section-boxed elementor-section-height-default elementor-section-height-default\" data-id=\"e5c5286\" data-element_type=\"section\" data-settings=\"{&quot;background_background&quot;:&quot;classic&quot;}\">\n\t\t\t\t\t\t<div class=\"elementor-container elementor-column-gap-default\">\n\t\t\t\t\t<div class=\"elementor-column elementor-col-100 elementor-top-column elementor-element elementor-element-6f94d1b\" data-id=\"6f94d1b\" data-element_type=\"column\">\n\t\t\t<div class=\"elementor-widget-wrap elementor-element-populated\">\n\t\t\t\t\t\t<div class=\"elementor-element elementor-element-56f8ebb elementor-widget elementor-widget-heading\" data-id=\"56f8ebb\" data-element_type=\"widget\" data-widget_type=\"heading.default\">\n\t\t\t\t<div class=\"elementor-widget-container\">\n\t\t\t\t\t<h4 class=\"elementor-heading-title elementor-size-default\">S\u00e9 <strong style=\"color: #008ED6\">due\u00f1o<\/strong> de tu <strong style=\"color: #008ED6\">destino<\/strong> financiero, <strong style=\"color: #008ED6\">vinc\u00falate<\/strong> con nosotros y <strong style=\"color: #008ED6\">alcanza tus sue\u00f1os.<\/strong><\/h4>\t\t\t\t<\/div>\n\t\t\t\t<\/div>\n\t\t\t\t<div class=\"elementor-element elementor-element-20e6083 elementor-align-center elementor-mobile-align-center elementor-widget elementor-widget-button\" data-id=\"20e6083\" data-element_type=\"widget\" data-widget_type=\"button.default\">\n\t\t\t\t<div class=\"elementor-widget-container\">\n\t\t\t\t\t\t\t\t\t<div class=\"elementor-button-wrapper\">\n\t\t\t\t\t<a class=\"elementor-button elementor-button-link elementor-size-md\" href=\"https:\/\/allianzahorroeinversiones.co\/transaccional\/solicitud-asesoria\" target=\"_blank\">\n\t\t\t\t\t\t<span class=\"elementor-button-content-wrapper\">\n\t\t\t\t\t\t\t\t\t<span class=\"elementor-button-text\">QUIERO SER CLIENTE<\/span>\n\t\t\t\t\t<\/span>\n\t\t\t\t\t<\/a>\n\t\t\t\t<\/div>\n\t\t\t\t\t\t\t\t<\/div>\n\t\t\t\t<\/div>\n\t\t\t\t\t<\/div>\n\t\t<\/div>\n\t\t\t\t\t<\/div>\n\t\t<\/section>\n\t\t\t\t<\/div>\n\t\t","protected":false},"excerpt":{"rendered":"<p>Allianz, la marca aseguradora #1 del mundo. Logr\u00f3 una vez m\u00e1s ser la marca de seguros y de gesti\u00f3n de activos m\u00e1s valiosa a nivel global seg\u00fan Brand Finance Global 500, demostrando su fortaleza y presencia en el mercado mundial. Este reconocimiento llega en un a\u00f1o muy especial, en la celebraci\u00f3n de su aniversario 150 [&hellip;]<\/p>\n","protected":false},"author":10,"featured_media":0,"parent":0,"menu_order":0,"comment_status":"closed","ping_status":"closed","template":"","meta":{"inline_featured_image":false,"site-sidebar-layout":"no-sidebar","site-content-layout":"page-builder","ast-site-content-layout":"default","site-content-style":"default","site-sidebar-style":"default","ast-global-header-display":"","ast-banner-title-visibility":"","ast-main-header-display":"","ast-hfb-above-header-display":"","ast-hfb-below-header-display":"","ast-hfb-mobile-header-display":"","site-post-title":"disabled","ast-breadcrumbs-content":"","ast-featured-img":"disabled","footer-sml-layout":"","theme-transparent-header-meta":"default","adv-header-id-meta":"","stick-header-meta":"","header-above-stick-meta":"","header-main-stick-meta":"","header-below-stick-meta":"","astra-migrate-meta-layouts":"default","ast-page-background-enabled":"default","ast-page-background-meta":{"desktop":{"background-color":"","background-image":"","background-repeat":"repeat","background-position":"center center","background-size":"auto","background-attachment":"scroll","background-type":"","background-media":"","overlay-type":"","overlay-color":"","overlay-opacity":"","overlay-gradient":""},"tablet":{"background-color":"","background-image":"","background-repeat":"repeat","background-position":"center center","background-size":"auto","background-attachment":"scroll","background-type":"","background-media":"","overlay-type":"","overlay-color":"","overlay-opacity":"","overlay-gradient":""},"mobile":{"background-color":"","background-image":"","background-repeat":"repeat","background-position":"center center","background-size":"auto","background-attachment":"scroll","background-type":"","background-media":"","overlay-type":"","overlay-color":"","overlay-opacity":"","overlay-gradient":""}},"ast-content-background-meta":{"desktop":{"background-color":"var(--ast-global-color-5)","background-image":"","background-repeat":"repeat","background-position":"center center","background-size":"auto","background-attachment":"scroll","background-type":"","background-media":"","overlay-type":"","overlay-color":"","overlay-opacity":"","overlay-gradient":""},"tablet":{"background-color":"var(--ast-global-color-5)","background-image":"","background-repeat":"repeat","background-position":"center center","background-size":"auto","background-attachment":"scroll","background-type":"","background-media":"","overlay-type":"","overlay-color":"","overlay-opacity":"","overlay-gradient":""},"mobile":{"background-color":"var(--ast-global-color-5)","background-image":"","background-repeat":"repeat","background-position":"center center","background-size":"auto","background-attachment":"scroll","background-type":"","background-media":"","overlay-type":"","overlay-color":"","overlay-opacity":"","overlay-gradient":""}},"footnotes":""},"class_list":["post-20509","page","type-page","status-publish","hentry"],"_links":{"self":[{"href":"https:\/\/allianzahorroeinversiones.co\/index.php?rest_route=\/wp\/v2\/pages\/20509","targetHints":{"allow":["GET"]}}],"collection":[{"href":"https:\/\/allianzahorroeinversiones.co\/index.php?rest_route=\/wp\/v2\/pages"}],"about":[{"href":"https:\/\/allianzahorroeinversiones.co\/index.php?rest_route=\/wp\/v2\/types\/page"}],"author":[{"embeddable":true,"href":"https:\/\/allianzahorroeinversiones.co\/index.php?rest_route=\/wp\/v2\/users\/10"}],"replies":[{"embeddable":true,"href":"https:\/\/allianzahorroeinversiones.co\/index.php?rest_route=%2Fwp%2Fv2%2Fcomments&post=20509"}],"version-history":[{"count":4,"href":"https:\/\/allianzahorroeinversiones.co\/index.php?rest_route=\/wp\/v2\/pages\/20509\/revisions"}],"predecessor-version":[{"id":20525,"href":"https:\/\/allianzahorroeinversiones.co\/index.php?rest_route=\/wp\/v2\/pages\/20509\/revisions\/20525"}],"wp:attachment":[{"href":"https:\/\/allianzahorroeinversiones.co\/index.php?rest_route=%2Fwp%2Fv2%2Fmedia&parent=20509"}],"curies":[{"name":"wp","href":"https:\/\/api.w.org\/{rel}","templated":true}]}}